{"id":111,"date":"2017-10-09T02:52:22","date_gmt":"2017-10-09T00:52:22","guid":{"rendered":"https:\/\/www.kabarett-blaibach.de\/?page_id=111"},"modified":"2017-10-12T05:49:56","modified_gmt":"2017-10-12T03:49:56","slug":"impressum","status":"publish","type":"page","link":"https:\/\/www.kabarett-blaibach.de\/?page_id=111","title":{"rendered":"Impressum"},"content":{"rendered":"<p>Die DLRG OV Blaibach e.V. ist ein Teilglied der Deutschen Lebensrettungsgesellschaft &#8211;<br \/>\nkurz DLRG (Hauptsitz in Bad Nenndorf).<\/p>\n<p>Die DLRG OV Blaibach e.V. hat ihren Standort in Bayern im Bezirk Oberpfalz.<\/p>\n<p>Anschrift:<br \/>\nDLRG OV Blaibach e.V.<br \/>\nChamer Stra\u00dfe 22<br \/>\n93476 Blaibach<\/p>\n<p>Vorstand: Alexander Engl jun.<\/p>\n<p>Internet:\u00a0http:\/\/www.blaibach.dlrg.de<br \/>\nE-Mail:\u00a0webmaster@blaibach.dlrg.de<br \/>\nHerausgeber: DLRG OV Blaibach e.V.<\/p>\n<p>Die Europ\u00e4ische Kommission stellt eine Plattform f\u00fcr die au\u00dfergerichtliche Online-Streitbeilegung (OS-Plattform) bereit, die unter\u00a0\u00a0<a href=\"http:\/\/www.ec.europa.eu\/consumers\/odr\">www.ec.europa.eu\/consumers\/odr<\/a>\u00a0 aufrufbar\u00a0ist.\u00a0Unsere E-Mail-Adresse finden Sie in unserem Impressum.\u00a0Wir sind weder verpflichtet noch bereit, an dem Streitschlichtungsverfahren teilzunehmen.<\/p>\n","protected":false},"excerpt":{"rendered":"<p>Die DLRG OV Blaibach e.V. ist ein Teilglied der Deutschen Lebensrettungsgesellschaft &#8211; kurz DLRG (Hauptsitz in Bad Nenndorf). Die DLRG OV Blaibach e.V. hat ihren Standort in Bayern im Bezirk Oberpfalz. Anschrift: DLRG OV Blaibach e.V. Chamer Stra\u00dfe 22 93476 Blaibach Vorstand: Alexander Engl jun. Internet:\u00a0http:\/\/www.blaibach.dlrg.de E-Mail:\u00a0webmaster@blaibach.dlrg.de Herausgeber: DLRG OV Blaibach e.V. Die Europ\u00e4ische Kommission &hellip; <a href=\"https:\/\/www.kabarett-blaibach.de\/?page_id=111\" class=\"more-link\">Weiterlesen <span class=\"screen-reader-text\">Impressum<\/span><\/a><\/p>\n","protected":false},"author":1,"featured_media":0,"parent":0,"menu_order":110,"comment_status":"closed","ping_status":"closed","template":"page-templates\/full-width-page.php","meta":{"footnotes":""},"class_list":["post-111","page","type-page","status-publish","hentry","without-featured-image"],"_links":{"self":[{"href":"https:\/\/www.kabarett-blaibach.de\/index.php?rest_route=\/wp\/v2\/pages\/111","targetHints":{"allow":["GET"]}}],"collection":[{"href":"https:\/\/www.kabarett-blaibach.de\/index.php?rest_route=\/wp\/v2\/pages"}],"about":[{"href":"https:\/\/www.kabarett-blaibach.de\/index.php?rest_route=\/wp\/v2\/types\/page"}],"author":[{"embeddable":true,"href":"https:\/\/www.kabarett-blaibach.de\/index.php?rest_route=\/wp\/v2\/users\/1"}],"replies":[{"embeddable":true,"href":"https:\/\/www.kabarett-blaibach.de\/index.php?rest_route=%2Fwp%2Fv2%2Fcomments&post=111"}],"version-history":[{"count":5,"href":"https:\/\/www.kabarett-blaibach.de\/index.php?rest_route=\/wp\/v2\/pages\/111\/revisions"}],"predecessor-version":[{"id":202,"href":"https:\/\/www.kabarett-blaibach.de\/index.php?rest_route=\/wp\/v2\/pages\/111\/revisions\/202"}],"wp:attachment":[{"href":"https:\/\/www.kabarett-blaibach.de\/index.php?rest_route=%2Fwp%2Fv2%2Fmedia&parent=111"}],"curies":[{"name":"wp","href":"https:\/\/api.w.org\/{rel}","templated":true}]}}