{"id":114,"date":"2017-10-09T02:52:46","date_gmt":"2017-10-09T00:52:46","guid":{"rendered":"https:\/\/www.kabarett-blaibach.de\/?page_id=114"},"modified":"2017-10-09T15:20:57","modified_gmt":"2017-10-09T13:20:57","slug":"datenschutzhinweise","status":"publish","type":"page","link":"https:\/\/www.kabarett-blaibach.de\/?page_id=114","title":{"rendered":"Datenschutzhinweise"},"content":{"rendered":"<p><strong>Datenschutzerkl\u00e4rung<\/strong><br \/>\nDie DLRG Blaibach legt gro\u00dfen Wert darauf, dass der Datenschutz der Nutzer und das Fernmeldegeheimnis gewahrt sind. Die Erhebung Ihrer Daten erfolgt im Rahmen der gesetzlichen Vorschriften. Wir haben technische und organisatorische Ma\u00dfnahmen getroffen, die sicherstellen, dass die Vorschriften \u00fcber den Datenschutz von uns beachtet werden. Unsere Website enth\u00e4lt Links\/Verkn\u00fcpfungen zu anderen Websites. Wir haben keinen Einfluss darauf, dass deren Betreiber die Datenschutzbestimmungen einhalten.<\/p>\n<p>Grunds\u00e4tzlich gilt:<\/p>\n<p>Bei jedem Zugriff eines Nutzers auf eine Seite von www.kabarett-blaibach.de und bei jedem Abruf einer Datei werden \u00fcber diesen Vorgang Daten in einer Protokolldatei gespeichert. Die standardm\u00e4\u00dfige Speicherung dient ausschlie\u00dflich internen systembezogenen und statistischen Zwecken. Im Einzelnen wird \u00fcber jeden Abruf folgender Datensatz gespeichert:<\/p>\n<p>Name der abgerufenen Datei (URL) sowie Datum und Uhrzeit des Abrufs bzw. der Anforderung<br \/>\n\u00dcbertragene Datenmenge vom anfordernden Rechner gew\u00fcnschte Zugriffsmethode\/Funktion und \u00fcbermittelte Eingabewerte Meldung, ob der Abruf erfolgreich war bzw. warum er gegebenenfalls fehlgeschlagen ist. Das Betriebssystem und Browser des anfordernden Rechners.<\/p>\n<p>Die o.g. Daten werden von uns ausschlie\u00dflich zu statistischen Zwecken ausgewertet. Die Auswertung der Daten erfolgt in anonymer Form, d.h. personenbezogene Nutzerprofile k\u00f6nnen und werden hierdurch nicht erzeugt.<\/p>\n<p>Um Ihnen die Nutzung einzelner Services zu erm\u00f6glichen, kann es erforderlich sein, dass wir Sie um die Angabe personenbezogener Daten bitten. Hierbei handelt es sich in der Regel um Ihren Namen und Ihre Adresse sowie Ihre E-Mail-Adresse, in einigen F\u00e4llen auch um weitere Angaben, die wir f\u00fcr die Bearbeitung des konkreten Verwaltungsvorgangs ben\u00f6tigen.<\/p>\n<p>Soweit solche personenbezogenen Daten auf unseren Web-Seiten bzw. in den jeweiligen Formular-Feldern erhoben werden, bleibt es Ihnen \u00fcberlassen, ob Sie unseren Service nutzen m\u00f6chten. Die Angabe der Daten erfolgt freiwillig. In jedem Fall erfolgt die Erhebung und Verarbeitung dieser Daten aber ausschlie\u00dflich zum Zweck der Bearbeitung des konkreten Verwaltungsvorgangs. Eine Weitergabe oder \u00dcbermittlung an Dritte oder zu sonstigen Zwecken, etwa Werbung oder Marktforschung, erfolgt nicht. Ihre personenbezogenen Daten werden verschl\u00fcsselt an uns \u00fcbermittelt.<\/p>\n<p>Die DLRG Blaibach beh\u00e4lt sich vor, ihre Datenschutzerkl\u00e4rung unter Beachtung der geltenden gesetzlichen Datenschutzbestimmungen anzupassen und fortzuschreiben.<\/p>\n","protected":false},"excerpt":{"rendered":"<p>Datenschutzerkl\u00e4rung Die DLRG Blaibach legt gro\u00dfen Wert darauf, dass der Datenschutz der Nutzer und das Fernmeldegeheimnis gewahrt sind. Die Erhebung Ihrer Daten erfolgt im Rahmen der gesetzlichen Vorschriften. Wir haben technische und organisatorische Ma\u00dfnahmen getroffen, die sicherstellen, dass die Vorschriften \u00fcber den Datenschutz von uns beachtet werden. Unsere Website enth\u00e4lt Links\/Verkn\u00fcpfungen zu anderen Websites. Wir &hellip; <a href=\"https:\/\/www.kabarett-blaibach.de\/?page_id=114\" class=\"more-link\">Weiterlesen <span class=\"screen-reader-text\">Datenschutzhinweise<\/span><\/a><\/p>\n","protected":false},"author":1,"featured_media":0,"parent":0,"menu_order":100,"comment_status":"closed","ping_status":"closed","template":"page-templates\/full-width-page.php","meta":{"footnotes":""},"class_list":["post-114","page","type-page","status-publish","hentry","without-featured-image"],"_links":{"self":[{"href":"https:\/\/www.kabarett-blaibach.de\/index.php?rest_route=\/wp\/v2\/pages\/114","targetHints":{"allow":["GET"]}}],"collection":[{"href":"https:\/\/www.kabarett-blaibach.de\/index.php?rest_route=\/wp\/v2\/pages"}],"about":[{"href":"https:\/\/www.kabarett-blaibach.de\/index.php?rest_route=\/wp\/v2\/types\/page"}],"author":[{"embeddable":true,"href":"https:\/\/www.kabarett-blaibach.de\/index.php?rest_route=\/wp\/v2\/users\/1"}],"replies":[{"embeddable":true,"href":"https:\/\/www.kabarett-blaibach.de\/index.php?rest_route=%2Fwp%2Fv2%2Fcomments&post=114"}],"version-history":[{"count":3,"href":"https:\/\/www.kabarett-blaibach.de\/index.php?rest_route=\/wp\/v2\/pages\/114\/revisions"}],"predecessor-version":[{"id":171,"href":"https:\/\/www.kabarett-blaibach.de\/index.php?rest_route=\/wp\/v2\/pages\/114\/revisions\/171"}],"wp:attachment":[{"href":"https:\/\/www.kabarett-blaibach.de\/index.php?rest_route=%2Fwp%2Fv2%2Fmedia&parent=114"}],"curies":[{"name":"wp","href":"https:\/\/api.w.org\/{rel}","templated":true}]}}